{"id":475,"date":"2026-04-24T05:41:14","date_gmt":"2026-04-24T05:41:14","guid":{"rendered":"https:\/\/www.vober.si\/?page_id=475"},"modified":"2026-04-24T05:42:14","modified_gmt":"2026-04-24T05:42:14","slug":"scarabocchi","status":"publish","type":"page","link":"https:\/\/www.vober.si\/it\/piskotki\/","title":{"rendered":"Biscotti"},"content":{"rendered":"<div data-elementor-type=\"wp-page\" data-elementor-id=\"475\" class=\"elementor elementor-475\" data-elementor-post-type=\"page\">\n\t\t\t\t<div class=\"elementor-element elementor-element-609948f6 e-flex e-con-boxed e-con e-parent\" data-id=\"609948f6\" data-element_type=\"container\" data-e-type=\"container\">\n\t\t\t\t\t<div class=\"e-con-inner\">\n\t\t\t\t<div class=\"elementor-element elementor-element-156d5d3a elementor-widget elementor-widget-text-editor\" data-id=\"156d5d3a\" data-element_type=\"widget\" data-e-type=\"widget\" data-widget_type=\"text-editor.default\">\n\t\t\t\t\t\t\t\t\t\n<p>Utilizziamo i \u00bbcookie\u00ab per rendere pi\u00f9 facile e piacevole l'utilizzo del nostro sito web. I cookie sono piccoli frammenti di dati che ci permettono di confrontare i nuovi visitatori con quelli precedenti, per capire come utilizzano il nostro sito. Ci forniscono informazioni che possiamo utilizzare per rendere pi\u00f9 piacevoli ed efficaci le future visite al sito. Se non desiderate utilizzare i cookie, impostate il vostro computer in modo che cancelli tutti i cookie del sito web e\/o che vi avverta prima che un cookie venga memorizzato sul disco. Se non si desidera modificare l'utilizzo dei cookie, \u00e8 sufficiente continuare a visitare il sito web.<\/p>\n\n\n\n<p>Il titolare del trattamento del sito web e di tutti i dati ad esso relativi \u00e8:<\/p>\n\n\n\n<p><strong>Nome e cognome o ragione sociale: VOBER d.o.o.<br>Titolo: <a href=\"javascript:void(0);\">Liminjanska cesta 117<\/a><br>Posto e posizione:\u00a0 <strong><a href=\"javascript:void(0);\">LUCIJA - LUCIA, 6320 Portorose - Portorose<\/a><\/strong><br>Indirizzo e-mail: <a href=\"mailto:vober@siol.net\">info@vober.si<\/a><br>Numero di telefono di contatto:<\/strong> +386 41 602 781<\/p>\n\n\n\n<p>Per ulteriori informazioni sui cookie e sul loro impatto su&nbsp;<a href=\"https:\/\/www.aboutcookies.org\/\">www.aboutcookies.org<\/a>.<\/p>\n\n\n\n<p><strong>I TIPI DI COOKIE CHE UTILIZZIAMO<\/strong><\/p>\n\n\n\n<figure class=\"wp-block-table\"><table class=\"has-fixed-layout\"><tbody><tr><td><strong>Nome del cookie<\/strong><\/td><td><strong>Lo scopo di<\/strong><\/td><td><strong>Durata<\/strong><\/td><\/tr><tr><td>CookiePreferences<\/td><td>Un cookie che memorizza il vostro consenso all'utilizzo dei servizi di Google.<\/td><td>Due anni.<\/td><\/tr><tr><td>NID<\/td><td>Identificatore per le impostazioni di Google<\/td><td>10 mesi.<\/td><\/tr><tr><td>PH_HPXY_CHECK<\/td><td>Cookie importante per il sito stesso, caricato ogni volta che il sito viene visitato, dura 1 sessione<\/td><td>Fino alla chiusura del browser.<\/td><\/tr><tr><td>_ga<\/td><td>Statistiche delle pagine viste<\/td><td>Due anni.<\/td><\/tr><tr><td>_gid<\/td><td>Statistiche delle pagine viste<\/td><td>Un giorno.<\/td><\/tr><tr><td>_gat<\/td><td>Cookie di Google Analytics. Questo cookie serve a controllare il numero di richieste di Google Analytics inviate all'utente. Il cookie non contiene informazioni sull'utente. Il cookie viene eliminato 10 minuti dopo l'installazione.<\/td><td>10 minuti.<\/td><\/tr><tr><td>wordpress_logged_in_3054fecbcbdf6e59458543f8aefcff8a<\/td><td>Un cookie che ricorda l'utente che ha effettuato l'accesso al sito<\/td><td>Fino alla chiusura del browser.<\/td><\/tr><tr><td>wordpress_sec_3054fecbcbdf6e59458543f8aefcff8a<\/td><td>Cookie del flag di sicurezza<\/td><td>Fino alla chiusura del browser.<\/td><\/tr><tr><td>wordpress_test_cookie<\/td><td>Un cookie di Visual Website Optimizer utilizzato per monitorare l'uso anonimo del sito web ai fini della riprogettazione del template del sito.<\/td><td>Fino alla chiusura del browser.<\/td><\/tr><tr><td>wp-impostazioni-1<\/td><td>Imposta per regolare la visualizzazione della pagina e l'interfaccia (di amministrazione).<\/td><td>210 minuti dall'aggiornamento della pagina.<\/td><\/tr><tr><td>wp-impostazioni-tempo-1<\/td><td>Imposta per regolare la visualizzazione della pagina e l'interfaccia (di amministrazione).<\/td><td>210 minuti dall'aggiornamento della pagina.<\/td><\/tr><\/tbody><\/table><\/figure>\n\n\n\n<p><strong>Cookie obbligatori<\/strong>&nbsp;Questi cookie sono necessari per muoversi all'interno del sito web e utilizzarne le funzionalit\u00e0, come ad esempio l'accesso alle aree sicure del sito. Senza questi cookie, non \u00e8 possibile fornire i servizi richiesti dall'utente, ad esempio un modulo per l'estrazione di un premio, ecc.<\/p>\n\n\n\n<p><strong>Cookie di prestazione<\/strong>&nbsp;Questi cookie raccolgono informazioni sull'utilizzo del sito web, ad esempio quali pagine vengono visitate pi\u00f9 spesso dagli utenti e se vengono visualizzati messaggi di errore sul sito web. Questi cookie non raccolgono informazioni che possano identificare l'utente. Tutte le informazioni raccolte sono aggregate e anonime. Questi cookie vengono utilizzati solo per migliorare le prestazioni del sito web.<\/p>\n\n\n\n<p>Se continuate a utilizzare il nostro sito web dopo aver ricevuto un avviso sui cookie, acconsentite all'inserimento di questo tipo di cookie sul vostro dispositivo.<\/p>\n\n\n\n<p><strong>Cookie funzionali<\/strong>&nbsp;Questi cookie consentono al sito web di ricordare le preferenze dell'utente (ad esempio, il nome utente, la lingua o la regione in cui si trova) e di offrire opzioni migliori e pi\u00f9 personalizzate. Ad esempio, il nostro sito web offre attualmente contenuti personalizzati in base agli argomenti degli articoli che l'utente ha contrassegnato come preferiti. Questi cookie possono anche ricordare le modifiche ai caratteri e alle dimensioni dei caratteri e altre parti del sito web che l'utente pu\u00f2 personalizzare. Sono inoltre utili per fornire i servizi richiesti dall'utente, come guardare un video o commentare un blog. Le informazioni raccolte da questi cookie possono essere anonime e non tracciano la vostra navigazione su altri siti web.<\/p>\n\n\n\n<p>Se continuate a utilizzare il nostro sito web dopo aver ricevuto un avviso sui cookie, acconsentite all'inserimento di questo tipo di cookie sul vostro dispositivo.<\/p>\n\n\n\n<p><strong>Come gestire i cookie sul proprio computer&nbsp;<\/strong>Fare clic per disabilitare Google Analytics Facendo clic su \u201cdisabilita Google Analytics\u201d si disabilita l'analisi per un mese.<\/p>\n\n\n\n<p>Per abilitare i cookie sul nostro sito web, seguite la procedura seguente.<\/p>\n\n\n\n<p><strong>Google Chrome<\/strong><\/p>\n\n\n\n<ol class=\"wp-block-list\">\n<li>Fare clic su \u00bbStrumenti\u00ab nella parte superiore del browser e selezionare \u00bbImpostazioni\u00ab.<\/li>\n\n\n\n<li>Fare clic su \u00bbMostra impostazioni aggiuntive\u00ab, scorrere fino alla sezione \u00bbPrivacy\u00ab e fare clic sul pulsante \u00bbImpostazioni contenuti\u00ab.<\/li>\n\n\n\n<li>Selezionare \u00bbConsenti impostazione dati locali\u00ab.<\/li>\n<\/ol>\n\n\n\n<p><strong>Microsoft Internet Explorer 6.0, 7.0, 8.0, 9.0<\/strong><\/p>\n\n\n\n<ol class=\"wp-block-list\">\n<li>Fare clic su \u00bbStrumenti\u00ab nella parte superiore del browser e selezionare \u00bbOpzioni Internet\u00ab, quindi fare clic sulla scheda \u00bbPrivacy\u00ab.<\/li>\n\n\n\n<li>Verificate se il livello di privacy \u00e8 impostato su medio o inferiore, il che consentir\u00e0 al vostro browser di utilizzare i cookie.<\/li>\n\n\n\n<li>Un'impostazione superiore al livello medio disabilita l'uso dei cookie.<\/li>\n<\/ol>\n\n\n\n<p><strong>Mozilla Firefox<\/strong><\/p>\n\n\n\n<ol class=\"wp-block-list\">\n<li>Fare clic su \u00bbStrumenti\u00ab nella parte superiore del browser e selezionare \u00bbOpzioni\u00ab. &gt;<\/li>\n\n\n\n<li>Selezionare quindi l'icona \u00bbPrivacy\u00ab. &gt;<\/li>\n\n\n\n<li>Cliccate su \u00bbCookie\u00ab e selezionate \u00bbConsenti ai siti di creare cookie\u00ab.<\/li>\n<\/ol>\n\n\n\n<p><strong>Safari<\/strong><\/p>\n\n\n\n<ol class=\"wp-block-list\">\n<li>Fare clic sull'icona dell'ingranaggio nella parte superiore del browser e selezionare \u00bbImpostazioni\u00ab.<\/li>\n\n\n\n<li>Fare clic su \u00bbPrivacy\u00ab, quindi selezionare l'opzione \u00bbDisattiva cookie di terze parti e cookie pubblicitari\u00ab.<\/li>\n\n\n\n<li>Fare clic su \u00bbSalva\u00ab.<\/li>\n<\/ol>\n\n\n\n<p><strong>Come gestire i cookie sul Mac<\/strong>&nbsp;Per abilitare i cookie sul nostro sito web, seguite la procedura seguente.<\/p>\n\n\n\n<p><strong>Microsoft Internet Explorer 5.0 su OSX<\/strong><\/p>\n\n\n\n<ol class=\"wp-block-list\">\n<li>Fare clic su \u00bbExplorer\u00ab nella parte superiore del browser e selezionare \u00bbImpostazioni\u00ab.<\/li>\n\n\n\n<li>Scorrete fino a \u00bbCookie\u00ab nella sezione \u00bbPosta in arrivo\u00ab.<\/li>\n\n\n\n<li>Selezionare l'opzione \u00bbNon chiedere mai\u00ab.<\/li>\n<\/ol>\n\n\n\n<p><strong>Safari su OSX<\/strong><\/p>\n\n\n\n<ol class=\"wp-block-list\">\n<li>Fare clic su \u00bbSafari\u00ab nella parte superiore del browser e selezionare \u00bbImpostazioni\u00ab.<\/li>\n\n\n\n<li>Fare clic su \u00bbPrivacy\u00ab e poi su \u00bbConsenti cookie\u00ab.<\/li>\n\n\n\n<li>Selezionare \u00bbSolo sulle pagine visitate\u00ab.<\/li>\n<\/ol>\n\n\n\n<p><strong>Mozilla e Netscape su OSX<\/strong><\/p>\n\n\n\n<ol class=\"wp-block-list\">\n<li>Fare clic su \u00bbMozilla\u00ab o \u00bbNetscape\u00ab nella parte superiore del browser e selezionare \u00bbImpostazioni\u00ab.<\/li>\n\n\n\n<li>Scorrere fino a \u00bbCookie\u00ab nella sezione \u00bbPrivacy e sicurezza\u00ab.<\/li>\n\n\n\n<li>Selezionate \u00bbConsenti i cookie solo per il sito web di origine\u00ab.<\/li>\n<\/ol>\n\n\n\n<p><strong>Opera<\/strong><\/p>\n\n\n\n<ol class=\"wp-block-list\">\n<li>Fare clic su \u00bbMenu\u00ab nella parte superiore del browser e selezionare \u00bbImpostazioni\u00ab.<\/li>\n\n\n\n<li>Selezionare quindi \u00bbOpzioni\u00ab e la scheda \u00bbAvanzate\u00ab.<\/li>\n\n\n\n<li>Selezionare l'opzione \u00bbConsenti cookie\u00ab.<\/li>\n<\/ol>\n\t\t\t\t\t\t\t\t<\/div>\n\t\t\t\t\t<\/div>\n\t\t\t\t<\/div>\n\t\t\t\t<\/div>","protected":false},"excerpt":{"rendered":"<p>Da bi vam olaj\u0161ali uporabo na\u0161e spletne strani in jo naredili bolj prijetno, uporabljamo \u00bbpi\u0161kotke\u00ab. Pi\u0161kotki so majhne podatkovne enote, ki nam omogo\u010dajo primerjavo novih in predhodnih obiskovalcev, razumevanje, kako uporabljajo na\u0161o stran. Posredujejo nam podatke, s katerimi lahko naredimo prihodnji obisk spletne strani bolj prijeten in u\u010dinkovit. \u010ce ne \u017eelite uporabljati pi\u0161kotkov, nastavite svoj [&hellip;]<\/p>\n","protected":false},"author":1,"featured_media":0,"parent":0,"menu_order":0,"comment_status":"closed","ping_status":"closed","template":"","meta":{"footnotes":""},"class_list":["post-475","page","type-page","status-publish","hentry"],"yoast_head":"<!-- This site is optimized with the Yoast SEO plugin v27.4 - https:\/\/yoast.com\/product\/yoast-seo-wordpress\/ -->\n<title>Pi\u0161kotki - Vober d.o.o.<\/title>\n<meta name=\"robots\" content=\"index, follow, max-snippet:-1, max-image-preview:large, max-video-preview:-1\" \/>\n<link rel=\"canonical\" href=\"https:\/\/www.vober.si\/it\/scarabocchi\/\" \/>\n<meta property=\"og:locale\" content=\"it_IT\" \/>\n<meta property=\"og:type\" content=\"article\" \/>\n<meta property=\"og:title\" content=\"Pi\u0161kotki - Vober d.o.o.\" \/>\n<meta property=\"og:description\" content=\"Da bi vam olaj\u0161ali uporabo na\u0161e spletne strani in jo naredili bolj prijetno, uporabljamo \u00bbpi\u0161kotke\u00ab. Pi\u0161kotki so majhne podatkovne enote, ki nam omogo\u010dajo primerjavo novih in predhodnih obiskovalcev, razumevanje, kako uporabljajo na\u0161o stran. Posredujejo nam podatke, s katerimi lahko naredimo prihodnji obisk spletne strani bolj prijeten in u\u010dinkovit. \u010ce ne \u017eelite uporabljati pi\u0161kotkov, nastavite svoj [&hellip;]\" \/>\n<meta property=\"og:url\" content=\"https:\/\/www.vober.si\/it\/scarabocchi\/\" \/>\n<meta property=\"og:site_name\" content=\"Vober d.o.o.\" \/>\n<meta property=\"article:modified_time\" content=\"2026-04-24T05:42:14+00:00\" \/>\n<meta name=\"twitter:card\" content=\"summary_large_image\" \/>\n<meta name=\"twitter:label1\" content=\"Tempo di lettura stimato\" \/>\n\t<meta name=\"twitter:data1\" content=\"5 minuti\" \/>\n<script type=\"application\/ld+json\" class=\"yoast-schema-graph\">{\"@context\":\"https:\\\/\\\/schema.org\",\"@graph\":[{\"@type\":\"WebPage\",\"@id\":\"https:\\\/\\\/www.vober.si\\\/piskotki\\\/\",\"url\":\"https:\\\/\\\/www.vober.si\\\/piskotki\\\/\",\"name\":\"Pi\u0161kotki - Vober d.o.o.\",\"isPartOf\":{\"@id\":\"https:\\\/\\\/www.vober.si\\\/#website\"},\"datePublished\":\"2026-04-24T05:41:14+00:00\",\"dateModified\":\"2026-04-24T05:42:14+00:00\",\"breadcrumb\":{\"@id\":\"https:\\\/\\\/www.vober.si\\\/piskotki\\\/#breadcrumb\"},\"inLanguage\":\"it-IT\",\"potentialAction\":[{\"@type\":\"ReadAction\",\"target\":[\"https:\\\/\\\/www.vober.si\\\/piskotki\\\/\"]}]},{\"@type\":\"BreadcrumbList\",\"@id\":\"https:\\\/\\\/www.vober.si\\\/piskotki\\\/#breadcrumb\",\"itemListElement\":[{\"@type\":\"ListItem\",\"position\":1,\"name\":\"Home\",\"item\":\"https:\\\/\\\/www.vober.si\\\/\"},{\"@type\":\"ListItem\",\"position\":2,\"name\":\"Pi\u0161kotki\"}]},{\"@type\":\"WebSite\",\"@id\":\"https:\\\/\\\/www.vober.si\\\/#website\",\"url\":\"https:\\\/\\\/www.vober.si\\\/\",\"name\":\"Vober d.o.o.\",\"description\":\"izdelava orodij in CNC obdelava\",\"potentialAction\":[{\"@type\":\"SearchAction\",\"target\":{\"@type\":\"EntryPoint\",\"urlTemplate\":\"https:\\\/\\\/www.vober.si\\\/?s={search_term_string}\"},\"query-input\":{\"@type\":\"PropertyValueSpecification\",\"valueRequired\":true,\"valueName\":\"search_term_string\"}}],\"inLanguage\":\"it-IT\"}]}<\/script>\n<!-- \/ Yoast SEO plugin. -->","yoast_head_json":{"title":"Cookie - Vober d.o.o.","robots":{"index":"index","follow":"follow","max-snippet":"max-snippet:-1","max-image-preview":"max-image-preview:large","max-video-preview":"max-video-preview:-1"},"canonical":"https:\/\/www.vober.si\/it\/scarabocchi\/","og_locale":"it_IT","og_type":"article","og_title":"Pi\u0161kotki - Vober d.o.o.","og_description":"Da bi vam olaj\u0161ali uporabo na\u0161e spletne strani in jo naredili bolj prijetno, uporabljamo \u00bbpi\u0161kotke\u00ab. Pi\u0161kotki so majhne podatkovne enote, ki nam omogo\u010dajo primerjavo novih in predhodnih obiskovalcev, razumevanje, kako uporabljajo na\u0161o stran. Posredujejo nam podatke, s katerimi lahko naredimo prihodnji obisk spletne strani bolj prijeten in u\u010dinkovit. \u010ce ne \u017eelite uporabljati pi\u0161kotkov, nastavite svoj [&hellip;]","og_url":"https:\/\/www.vober.si\/it\/scarabocchi\/","og_site_name":"Vober d.o.o.","article_modified_time":"2026-04-24T05:42:14+00:00","twitter_card":"summary_large_image","twitter_misc":{"Tempo di lettura stimato":"5 minuti"},"schema":{"@context":"https:\/\/schema.org","@graph":[{"@type":"WebPage","@id":"https:\/\/www.vober.si\/piskotki\/","url":"https:\/\/www.vober.si\/piskotki\/","name":"Cookie - Vober d.o.o.","isPartOf":{"@id":"https:\/\/www.vober.si\/#website"},"datePublished":"2026-04-24T05:41:14+00:00","dateModified":"2026-04-24T05:42:14+00:00","breadcrumb":{"@id":"https:\/\/www.vober.si\/piskotki\/#breadcrumb"},"inLanguage":"it-IT","potentialAction":[{"@type":"ReadAction","target":["https:\/\/www.vober.si\/piskotki\/"]}]},{"@type":"BreadcrumbList","@id":"https:\/\/www.vober.si\/piskotki\/#breadcrumb","itemListElement":[{"@type":"ListItem","position":1,"name":"Home","item":"https:\/\/www.vober.si\/"},{"@type":"ListItem","position":2,"name":"Pi\u0161kotki"}]},{"@type":"WebSite","@id":"https:\/\/www.vober.si\/#website","url":"https:\/\/www.vober.si\/","name":"Vober d.o.o.","description":"Costruzione di utensili e lavorazione CNC","potentialAction":[{"@type":"SearchAction","target":{"@type":"EntryPoint","urlTemplate":"https:\/\/www.vober.si\/?s={search_term_string}"},"query-input":{"@type":"PropertyValueSpecification","valueRequired":true,"valueName":"search_term_string"}}],"inLanguage":"it-IT"}]}},"_links":{"self":[{"href":"https:\/\/www.vober.si\/it\/wp-json\/wp\/v2\/pages\/475","targetHints":{"allow":["GET"]}}],"collection":[{"href":"https:\/\/www.vober.si\/it\/wp-json\/wp\/v2\/pages"}],"about":[{"href":"https:\/\/www.vober.si\/it\/wp-json\/wp\/v2\/types\/page"}],"author":[{"embeddable":true,"href":"https:\/\/www.vober.si\/it\/wp-json\/wp\/v2\/users\/1"}],"replies":[{"embeddable":true,"href":"https:\/\/www.vober.si\/it\/wp-json\/wp\/v2\/comments?post=475"}],"version-history":[{"count":4,"href":"https:\/\/www.vober.si\/it\/wp-json\/wp\/v2\/pages\/475\/revisions"}],"predecessor-version":[{"id":483,"href":"https:\/\/www.vober.si\/it\/wp-json\/wp\/v2\/pages\/475\/revisions\/483"}],"wp:attachment":[{"href":"https:\/\/www.vober.si\/it\/wp-json\/wp\/v2\/media?parent=475"}],"curies":[{"name":"wp","href":"https:\/\/api.w.org\/{rel}","templated":true}]}}